{"id":36,"date":"2016-03-15T12:04:29","date_gmt":"2016-03-15T11:04:29","guid":{"rendered":"http:\/\/www.pb-franken.de.w01442d2.kasserver.com\/wordpress\/?page_id=36"},"modified":"2021-01-31T20:15:23","modified_gmt":"2021-01-31T19:15:23","slug":"kontakt","status":"publish","type":"page","link":"https:\/\/www.pb-franken.de\/wordpress\/kontakt\/","title":{"rendered":"Kontakt"},"content":{"rendered":"<p>Sie haben weitergehende Fragen zu unserem Verein?<br \/>\nSie m\u00f6chten wissen, welche Ma\u00dfnahme f\u00fcr Sie oder Ihre Verwandten geeignet sind?<br \/>\nSie m\u00f6chten unsere Unterst\u00fctzung? Kontaktieren Sie uns gerne.<\/p>\n<p><img loading=\"lazy\" decoding=\"async\" class=\"wp-image-159 size-medium alignleft\" src=\"https:\/\/www.pb-franken.de\/wordpress\/wp-content\/uploads\/2018\/05\/contact-us-1908762_1920-300x105.png\" alt=\"\" width=\"300\" height=\"105\" srcset=\"https:\/\/www.pb-franken.de\/wordpress\/wp-content\/uploads\/2018\/05\/contact-us-1908762_1920-300x105.png 300w, https:\/\/www.pb-franken.de\/wordpress\/wp-content\/uploads\/2018\/05\/contact-us-1908762_1920-768x269.png 768w, https:\/\/www.pb-franken.de\/wordpress\/wp-content\/uploads\/2018\/05\/contact-us-1908762_1920-1024x359.png 1024w, https:\/\/www.pb-franken.de\/wordpress\/wp-content\/uploads\/2018\/05\/contact-us-1908762_1920.png 1920w\" sizes=\"auto, (max-width: 300px) 100vw, 300px\" \/><\/p>\n<p>&nbsp;<\/p>\n<p>&nbsp;<\/p>\n<p>&nbsp;<\/p>\n<p>&nbsp;<\/p>\n","protected":false},"excerpt":{"rendered":"<p>Sie haben weitergehende Fragen zu unserem Verein? Sie m\u00f6chten wissen, welche Ma\u00dfnahme f\u00fcr Sie oder Ihre Verwandten geeignet sind? Sie m\u00f6chten unsere Unterst\u00fctzung? Kontaktieren Sie uns gerne. &nbsp; &nbsp; &nbsp; &nbsp;<\/p>\n","protected":false},"author":1,"featured_media":0,"parent":0,"menu_order":0,"comment_status":"closed","ping_status":"closed","template":"","meta":{"footnotes":""},"class_list":["post-36","page","type-page","status-publish","hentry"],"yoast_head":"<!-- This site is optimized with the Yoast SEO plugin v27.2 - https:\/\/yoast.com\/product\/yoast-seo-wordpress\/ -->\n<title>Kontakt ~ Mensch zu Mensch e.V.<\/title>\n<meta name=\"robots\" content=\"index, follow, max-snippet:-1, max-image-preview:large, max-video-preview:-1\" \/>\n<link rel=\"canonical\" href=\"https:\/\/www.pb-franken.de\/wordpress\/kontakt\/\" \/>\n<meta property=\"og:locale\" content=\"de_DE\" \/>\n<meta property=\"og:type\" content=\"article\" \/>\n<meta property=\"og:title\" content=\"Kontakt ~ Mensch zu Mensch e.V.\" \/>\n<meta property=\"og:description\" content=\"Sie haben weitergehende Fragen zu unserem Verein? Sie m\u00f6chten wissen, welche Ma\u00dfnahme f\u00fcr Sie oder Ihre Verwandten geeignet sind? Sie m\u00f6chten unsere Unterst\u00fctzung? Kontaktieren Sie uns gerne. &nbsp; &nbsp; &nbsp; &nbsp;\" \/>\n<meta property=\"og:url\" content=\"https:\/\/www.pb-franken.de\/wordpress\/kontakt\/\" \/>\n<meta property=\"og:site_name\" content=\"Mensch zu Mensch e.V.\" \/>\n<meta property=\"article:modified_time\" content=\"2021-01-31T19:15:23+00:00\" \/>\n<meta property=\"og:image\" content=\"https:\/\/www.pb-franken.de\/wordpress\/wp-content\/uploads\/2018\/05\/contact-us-1908762_1920-300x105.png\" \/>\n<meta name=\"twitter:card\" content=\"summary_large_image\" \/>\n<meta name=\"twitter:label1\" content=\"Gesch\u00e4tzte Lesezeit\" \/>\n\t<meta name=\"twitter:data1\" content=\"1\u00a0Minute\" \/>\n<script type=\"application\/ld+json\" class=\"yoast-schema-graph\">{\"@context\":\"https:\/\/schema.org\",\"@graph\":[{\"@type\":\"WebPage\",\"@id\":\"https:\/\/www.pb-franken.de\/wordpress\/kontakt\/\",\"url\":\"https:\/\/www.pb-franken.de\/wordpress\/kontakt\/\",\"name\":\"Kontakt ~ Mensch zu Mensch e.V.\",\"isPartOf\":{\"@id\":\"https:\/\/www.pb-franken.de\/wordpress\/#website\"},\"primaryImageOfPage\":{\"@id\":\"https:\/\/www.pb-franken.de\/wordpress\/kontakt\/#primaryimage\"},\"image\":{\"@id\":\"https:\/\/www.pb-franken.de\/wordpress\/kontakt\/#primaryimage\"},\"thumbnailUrl\":\"https:\/\/www.pb-franken.de\/wordpress\/wp-content\/uploads\/2018\/05\/contact-us-1908762_1920-300x105.png\",\"datePublished\":\"2016-03-15T11:04:29+00:00\",\"dateModified\":\"2021-01-31T19:15:23+00:00\",\"breadcrumb\":{\"@id\":\"https:\/\/www.pb-franken.de\/wordpress\/kontakt\/#breadcrumb\"},\"inLanguage\":\"de\",\"potentialAction\":[{\"@type\":\"ReadAction\",\"target\":[\"https:\/\/www.pb-franken.de\/wordpress\/kontakt\/\"]}]},{\"@type\":\"ImageObject\",\"inLanguage\":\"de\",\"@id\":\"https:\/\/www.pb-franken.de\/wordpress\/kontakt\/#primaryimage\",\"url\":\"https:\/\/www.pb-franken.de\/wordpress\/wp-content\/uploads\/2018\/05\/contact-us-1908762_1920.png\",\"contentUrl\":\"https:\/\/www.pb-franken.de\/wordpress\/wp-content\/uploads\/2018\/05\/contact-us-1908762_1920.png\",\"width\":1920,\"height\":673},{\"@type\":\"BreadcrumbList\",\"@id\":\"https:\/\/www.pb-franken.de\/wordpress\/kontakt\/#breadcrumb\",\"itemListElement\":[{\"@type\":\"ListItem\",\"position\":1,\"name\":\"Startseite\",\"item\":\"https:\/\/www.pb-franken.de\/wordpress\/\"},{\"@type\":\"ListItem\",\"position\":2,\"name\":\"Kontakt\"}]},{\"@type\":\"WebSite\",\"@id\":\"https:\/\/www.pb-franken.de\/wordpress\/#website\",\"url\":\"https:\/\/www.pb-franken.de\/wordpress\/\",\"name\":\"Mensch zu Mensch e.V.\",\"description\":\"Betreuungsdienstleistungen, Alltagshilfen und individuelle Beratung in Kitzingen, W\u00fcrzburg und Franken.\",\"publisher\":{\"@id\":\"https:\/\/www.pb-franken.de\/wordpress\/#organization\"},\"potentialAction\":[{\"@type\":\"SearchAction\",\"target\":{\"@type\":\"EntryPoint\",\"urlTemplate\":\"https:\/\/www.pb-franken.de\/wordpress\/?s={search_term_string}\"},\"query-input\":{\"@type\":\"PropertyValueSpecification\",\"valueRequired\":true,\"valueName\":\"search_term_string\"}}],\"inLanguage\":\"de\"},{\"@type\":\"Organization\",\"@id\":\"https:\/\/www.pb-franken.de\/wordpress\/#organization\",\"name\":\"Mensch zu Mensch e.V.\",\"url\":\"https:\/\/www.pb-franken.de\/wordpress\/\",\"logo\":{\"@type\":\"ImageObject\",\"inLanguage\":\"de\",\"@id\":\"https:\/\/www.pb-franken.de\/wordpress\/#\/schema\/logo\/image\/\",\"url\":\"https:\/\/www.pb-franken.de\/wordpress\/wp-content\/uploads\/2019\/03\/LogoMenschzuMenschev_website.png\",\"contentUrl\":\"https:\/\/www.pb-franken.de\/wordpress\/wp-content\/uploads\/2019\/03\/LogoMenschzuMenschev_website.png\",\"width\":417,\"height\":153,\"caption\":\"Mensch zu Mensch e.V.\"},\"image\":{\"@id\":\"https:\/\/www.pb-franken.de\/wordpress\/#\/schema\/logo\/image\/\"}}]}<\/script>\n<!-- \/ Yoast SEO plugin. -->","yoast_head_json":{"title":"Kontakt ~ Mensch zu Mensch e.V.","robots":{"index":"index","follow":"follow","max-snippet":"max-snippet:-1","max-image-preview":"max-image-preview:large","max-video-preview":"max-video-preview:-1"},"canonical":"https:\/\/www.pb-franken.de\/wordpress\/kontakt\/","og_locale":"de_DE","og_type":"article","og_title":"Kontakt ~ Mensch zu Mensch e.V.","og_description":"Sie haben weitergehende Fragen zu unserem Verein? Sie m\u00f6chten wissen, welche Ma\u00dfnahme f\u00fcr Sie oder Ihre Verwandten geeignet sind? Sie m\u00f6chten unsere Unterst\u00fctzung? Kontaktieren Sie uns gerne. &nbsp; &nbsp; &nbsp; &nbsp;","og_url":"https:\/\/www.pb-franken.de\/wordpress\/kontakt\/","og_site_name":"Mensch zu Mensch e.V.","article_modified_time":"2021-01-31T19:15:23+00:00","og_image":[{"url":"https:\/\/www.pb-franken.de\/wordpress\/wp-content\/uploads\/2018\/05\/contact-us-1908762_1920-300x105.png","type":"","width":"","height":""}],"twitter_card":"summary_large_image","twitter_misc":{"Gesch\u00e4tzte Lesezeit":"1\u00a0Minute"},"schema":{"@context":"https:\/\/schema.org","@graph":[{"@type":"WebPage","@id":"https:\/\/www.pb-franken.de\/wordpress\/kontakt\/","url":"https:\/\/www.pb-franken.de\/wordpress\/kontakt\/","name":"Kontakt ~ Mensch zu Mensch e.V.","isPartOf":{"@id":"https:\/\/www.pb-franken.de\/wordpress\/#website"},"primaryImageOfPage":{"@id":"https:\/\/www.pb-franken.de\/wordpress\/kontakt\/#primaryimage"},"image":{"@id":"https:\/\/www.pb-franken.de\/wordpress\/kontakt\/#primaryimage"},"thumbnailUrl":"https:\/\/www.pb-franken.de\/wordpress\/wp-content\/uploads\/2018\/05\/contact-us-1908762_1920-300x105.png","datePublished":"2016-03-15T11:04:29+00:00","dateModified":"2021-01-31T19:15:23+00:00","breadcrumb":{"@id":"https:\/\/www.pb-franken.de\/wordpress\/kontakt\/#breadcrumb"},"inLanguage":"de","potentialAction":[{"@type":"ReadAction","target":["https:\/\/www.pb-franken.de\/wordpress\/kontakt\/"]}]},{"@type":"ImageObject","inLanguage":"de","@id":"https:\/\/www.pb-franken.de\/wordpress\/kontakt\/#primaryimage","url":"https:\/\/www.pb-franken.de\/wordpress\/wp-content\/uploads\/2018\/05\/contact-us-1908762_1920.png","contentUrl":"https:\/\/www.pb-franken.de\/wordpress\/wp-content\/uploads\/2018\/05\/contact-us-1908762_1920.png","width":1920,"height":673},{"@type":"BreadcrumbList","@id":"https:\/\/www.pb-franken.de\/wordpress\/kontakt\/#breadcrumb","itemListElement":[{"@type":"ListItem","position":1,"name":"Startseite","item":"https:\/\/www.pb-franken.de\/wordpress\/"},{"@type":"ListItem","position":2,"name":"Kontakt"}]},{"@type":"WebSite","@id":"https:\/\/www.pb-franken.de\/wordpress\/#website","url":"https:\/\/www.pb-franken.de\/wordpress\/","name":"Mensch zu Mensch e.V.","description":"Betreuungsdienstleistungen, Alltagshilfen und individuelle Beratung in Kitzingen, W\u00fcrzburg und Franken.","publisher":{"@id":"https:\/\/www.pb-franken.de\/wordpress\/#organization"},"potentialAction":[{"@type":"SearchAction","target":{"@type":"EntryPoint","urlTemplate":"https:\/\/www.pb-franken.de\/wordpress\/?s={search_term_string}"},"query-input":{"@type":"PropertyValueSpecification","valueRequired":true,"valueName":"search_term_string"}}],"inLanguage":"de"},{"@type":"Organization","@id":"https:\/\/www.pb-franken.de\/wordpress\/#organization","name":"Mensch zu Mensch e.V.","url":"https:\/\/www.pb-franken.de\/wordpress\/","logo":{"@type":"ImageObject","inLanguage":"de","@id":"https:\/\/www.pb-franken.de\/wordpress\/#\/schema\/logo\/image\/","url":"https:\/\/www.pb-franken.de\/wordpress\/wp-content\/uploads\/2019\/03\/LogoMenschzuMenschev_website.png","contentUrl":"https:\/\/www.pb-franken.de\/wordpress\/wp-content\/uploads\/2019\/03\/LogoMenschzuMenschev_website.png","width":417,"height":153,"caption":"Mensch zu Mensch e.V."},"image":{"@id":"https:\/\/www.pb-franken.de\/wordpress\/#\/schema\/logo\/image\/"}}]}},"_links":{"self":[{"href":"https:\/\/www.pb-franken.de\/wordpress\/wp-json\/wp\/v2\/pages\/36","targetHints":{"allow":["GET"]}}],"collection":[{"href":"https:\/\/www.pb-franken.de\/wordpress\/wp-json\/wp\/v2\/pages"}],"about":[{"href":"https:\/\/www.pb-franken.de\/wordpress\/wp-json\/wp\/v2\/types\/page"}],"author":[{"embeddable":true,"href":"https:\/\/www.pb-franken.de\/wordpress\/wp-json\/wp\/v2\/users\/1"}],"replies":[{"embeddable":true,"href":"https:\/\/www.pb-franken.de\/wordpress\/wp-json\/wp\/v2\/comments?post=36"}],"version-history":[{"count":10,"href":"https:\/\/www.pb-franken.de\/wordpress\/wp-json\/wp\/v2\/pages\/36\/revisions"}],"predecessor-version":[{"id":457,"href":"https:\/\/www.pb-franken.de\/wordpress\/wp-json\/wp\/v2\/pages\/36\/revisions\/457"}],"wp:attachment":[{"href":"https:\/\/www.pb-franken.de\/wordpress\/wp-json\/wp\/v2\/media?parent=36"}],"curies":[{"name":"wp","href":"https:\/\/api.w.org\/{rel}","templated":true}]}}