{"id":389,"date":"2020-02-13T11:13:40","date_gmt":"2020-02-13T10:13:40","guid":{"rendered":"http:\/\/www.pb-franken.de\/wordpress\/?page_id=389"},"modified":"2026-04-07T10:11:13","modified_gmt":"2026-04-07T08:11:13","slug":"aktuelles","status":"publish","type":"page","link":"https:\/\/www.pb-franken.de\/wordpress\/aktuelles\/","title":{"rendered":"Aktuelles"},"content":{"rendered":"<h3><strong>Stellenangebote<\/strong><\/h3>\n<p>Aktuell haben wir keine offene Stelle zu besetzen.<\/p>\n<p>&nbsp;<\/p>\n<hr \/>\n<h3>G\u00e4steveranstaltungen:<\/h3>\n<p><strong>Aktuell sind keine neuen G\u00e4steveranstaltungen und eigene Fortbildungen geplant.<\/strong><\/p>\n<p>&nbsp;<\/p>\n<p><strong>Vergangene G\u00e4steveranstaltungen:<\/strong><\/p>\n<p>Mittwoch, 28. Oktober 2020 \u2013 19.30 Uhr<br \/>\n<em>Die Fetale Alkohol Spektrum St\u00f6rung (FASD) &#8211; die vermeidbare Behinderung<\/em><br \/>\nVortrag von Sigrid Mos\u00e9, Leiterin des Kinderpflegefachdienstes Neustadt\/Aisch<br \/>\nWo: Alte Synagoge, Kitzingen<br \/>\nVeranstalter: vhs Kitzingen in Kooperation mit dem Verein Mensch zu Mensch e.V., Marktbreit<br \/>\nEintritt: \u20ac 4,00<\/p>\n<p>Alkoholkonsum w\u00e4hrend der Schwangerschaft hat massive Auswirkungen auf die Gesundheit und die geistig-seelische Entwicklung des ungeborenen Kindes. Dabei reicht mitunter schon eine geringe Menge alkoholischer Getr\u00e4nke, um das Kind zu sch\u00e4digen. Anders als bei vielen anderen Drogen sind die durch Alkohol verursachten Folgen irreversibel.<\/p>\n<ul>\n<li>Menschen mit FASD (Fetale Alkoholspektrumst\u00f6rung) sind lebenslang behindert<\/li>\n<li>Ihnen gelingt vieles nicht, was sie f\u00fcr ein selbstst\u00e4ndiges Leben brauchen<\/li>\n<li>Sie haben Beeintr\u00e4chtigungen in den Bereichen des Lernens, Verhaltens und der Emotionen<\/li>\n<li>Das Zusammenleben mit den betroffenen Kindern, Jugendlichen und sp\u00e4teren Erwachsenen ist sowohl f\u00fcr die Familie als auch f\u00fcr beteiligte Fachleute extrem herausfordernd<\/li>\n<\/ul>\n<p>Die Behinderung FASD tritt sehr h\u00e4ufig auf und ist zu hundert Prozent vermeidbar! Im Vergleich zu anderen Behinderungen ist das Fetale Alkoholsyndrom in Deutschland aber immer noch nicht ausreichend bekannt. Die Referentin informiert daher \u00fcber Ursachen, Diagnostik und Folgen und zeigt Unterst\u00fctzungsm\u00f6glichkeiten f\u00fcr die Betroffenen auf.<\/p>\n","protected":false},"excerpt":{"rendered":"<p>Stellenangebote Aktuell haben wir keine offene Stelle zu besetzen. &nbsp; G\u00e4steveranstaltungen: Aktuell sind keine neuen G\u00e4steveranstaltungen und eigene Fortbildungen geplant. &nbsp; Vergangene G\u00e4steveranstaltungen: Mittwoch, 28. Oktober 2020 \u2013 19.30 Uhr Die Fetale Alkohol Spektrum St\u00f6rung (FASD) &#8211; die vermeidbare Behinderung Vortrag von Sigrid Mos\u00e9, Leiterin des Kinderpflegefachdienstes Neustadt\/Aisch Wo: Alte Synagoge, Kitzingen Veranstalter: vhs Kitzingen [&hellip;]<\/p>\n","protected":false},"author":1,"featured_media":0,"parent":0,"menu_order":0,"comment_status":"closed","ping_status":"closed","template":"","meta":{"footnotes":""},"class_list":["post-389","page","type-page","status-publish","hentry"],"yoast_head":"<!-- This site is optimized with the Yoast SEO plugin v27.2 - https:\/\/yoast.com\/product\/yoast-seo-wordpress\/ -->\n<title>Aktuelles ~ Mensch zu Mensch e.V.<\/title>\n<meta name=\"robots\" content=\"index, follow, max-snippet:-1, max-image-preview:large, max-video-preview:-1\" \/>\n<link rel=\"canonical\" href=\"https:\/\/www.pb-franken.de\/wordpress\/aktuelles\/\" \/>\n<meta property=\"og:locale\" content=\"de_DE\" \/>\n<meta property=\"og:type\" content=\"article\" \/>\n<meta property=\"og:title\" content=\"Aktuelles ~ Mensch zu Mensch e.V.\" \/>\n<meta property=\"og:description\" content=\"Stellenangebote Aktuell haben wir keine offene Stelle zu besetzen. &nbsp; G\u00e4steveranstaltungen: Aktuell sind keine neuen G\u00e4steveranstaltungen und eigene Fortbildungen geplant. &nbsp; Vergangene G\u00e4steveranstaltungen: Mittwoch, 28. Oktober 2020 \u2013 19.30 Uhr Die Fetale Alkohol Spektrum St\u00f6rung (FASD) &#8211; die vermeidbare Behinderung Vortrag von Sigrid Mos\u00e9, Leiterin des Kinderpflegefachdienstes Neustadt\/Aisch Wo: Alte Synagoge, Kitzingen Veranstalter: vhs Kitzingen [&hellip;]\" \/>\n<meta property=\"og:url\" content=\"https:\/\/www.pb-franken.de\/wordpress\/aktuelles\/\" \/>\n<meta property=\"og:site_name\" content=\"Mensch zu Mensch e.V.\" \/>\n<meta property=\"article:modified_time\" content=\"2026-04-07T08:11:13+00:00\" \/>\n<meta name=\"twitter:card\" content=\"summary_large_image\" \/>\n<meta name=\"twitter:label1\" content=\"Gesch\u00e4tzte Lesezeit\" \/>\n\t<meta name=\"twitter:data1\" content=\"2\u00a0Minuten\" \/>\n<script type=\"application\/ld+json\" class=\"yoast-schema-graph\">{\"@context\":\"https:\/\/schema.org\",\"@graph\":[{\"@type\":\"WebPage\",\"@id\":\"https:\/\/www.pb-franken.de\/wordpress\/aktuelles\/\",\"url\":\"https:\/\/www.pb-franken.de\/wordpress\/aktuelles\/\",\"name\":\"Aktuelles ~ Mensch zu Mensch e.V.\",\"isPartOf\":{\"@id\":\"https:\/\/www.pb-franken.de\/wordpress\/#website\"},\"datePublished\":\"2020-02-13T10:13:40+00:00\",\"dateModified\":\"2026-04-07T08:11:13+00:00\",\"breadcrumb\":{\"@id\":\"https:\/\/www.pb-franken.de\/wordpress\/aktuelles\/#breadcrumb\"},\"inLanguage\":\"de\",\"potentialAction\":[{\"@type\":\"ReadAction\",\"target\":[\"https:\/\/www.pb-franken.de\/wordpress\/aktuelles\/\"]}]},{\"@type\":\"BreadcrumbList\",\"@id\":\"https:\/\/www.pb-franken.de\/wordpress\/aktuelles\/#breadcrumb\",\"itemListElement\":[{\"@type\":\"ListItem\",\"position\":1,\"name\":\"Startseite\",\"item\":\"https:\/\/www.pb-franken.de\/wordpress\/\"},{\"@type\":\"ListItem\",\"position\":2,\"name\":\"Aktuelles\"}]},{\"@type\":\"WebSite\",\"@id\":\"https:\/\/www.pb-franken.de\/wordpress\/#website\",\"url\":\"https:\/\/www.pb-franken.de\/wordpress\/\",\"name\":\"Mensch zu Mensch e.V.\",\"description\":\"Betreuungsdienstleistungen, Alltagshilfen und individuelle Beratung in Kitzingen, W\u00fcrzburg und Franken.\",\"publisher\":{\"@id\":\"https:\/\/www.pb-franken.de\/wordpress\/#organization\"},\"potentialAction\":[{\"@type\":\"SearchAction\",\"target\":{\"@type\":\"EntryPoint\",\"urlTemplate\":\"https:\/\/www.pb-franken.de\/wordpress\/?s={search_term_string}\"},\"query-input\":{\"@type\":\"PropertyValueSpecification\",\"valueRequired\":true,\"valueName\":\"search_term_string\"}}],\"inLanguage\":\"de\"},{\"@type\":\"Organization\",\"@id\":\"https:\/\/www.pb-franken.de\/wordpress\/#organization\",\"name\":\"Mensch zu Mensch e.V.\",\"url\":\"https:\/\/www.pb-franken.de\/wordpress\/\",\"logo\":{\"@type\":\"ImageObject\",\"inLanguage\":\"de\",\"@id\":\"https:\/\/www.pb-franken.de\/wordpress\/#\/schema\/logo\/image\/\",\"url\":\"https:\/\/www.pb-franken.de\/wordpress\/wp-content\/uploads\/2019\/03\/LogoMenschzuMenschev_website.png\",\"contentUrl\":\"https:\/\/www.pb-franken.de\/wordpress\/wp-content\/uploads\/2019\/03\/LogoMenschzuMenschev_website.png\",\"width\":417,\"height\":153,\"caption\":\"Mensch zu Mensch e.V.\"},\"image\":{\"@id\":\"https:\/\/www.pb-franken.de\/wordpress\/#\/schema\/logo\/image\/\"}}]}<\/script>\n<!-- \/ Yoast SEO plugin. -->","yoast_head_json":{"title":"Aktuelles ~ Mensch zu Mensch e.V.","robots":{"index":"index","follow":"follow","max-snippet":"max-snippet:-1","max-image-preview":"max-image-preview:large","max-video-preview":"max-video-preview:-1"},"canonical":"https:\/\/www.pb-franken.de\/wordpress\/aktuelles\/","og_locale":"de_DE","og_type":"article","og_title":"Aktuelles ~ Mensch zu Mensch e.V.","og_description":"Stellenangebote Aktuell haben wir keine offene Stelle zu besetzen. &nbsp; G\u00e4steveranstaltungen: Aktuell sind keine neuen G\u00e4steveranstaltungen und eigene Fortbildungen geplant. &nbsp; Vergangene G\u00e4steveranstaltungen: Mittwoch, 28. Oktober 2020 \u2013 19.30 Uhr Die Fetale Alkohol Spektrum St\u00f6rung (FASD) &#8211; die vermeidbare Behinderung Vortrag von Sigrid Mos\u00e9, Leiterin des Kinderpflegefachdienstes Neustadt\/Aisch Wo: Alte Synagoge, Kitzingen Veranstalter: vhs Kitzingen [&hellip;]","og_url":"https:\/\/www.pb-franken.de\/wordpress\/aktuelles\/","og_site_name":"Mensch zu Mensch e.V.","article_modified_time":"2026-04-07T08:11:13+00:00","twitter_card":"summary_large_image","twitter_misc":{"Gesch\u00e4tzte Lesezeit":"2\u00a0Minuten"},"schema":{"@context":"https:\/\/schema.org","@graph":[{"@type":"WebPage","@id":"https:\/\/www.pb-franken.de\/wordpress\/aktuelles\/","url":"https:\/\/www.pb-franken.de\/wordpress\/aktuelles\/","name":"Aktuelles ~ Mensch zu Mensch e.V.","isPartOf":{"@id":"https:\/\/www.pb-franken.de\/wordpress\/#website"},"datePublished":"2020-02-13T10:13:40+00:00","dateModified":"2026-04-07T08:11:13+00:00","breadcrumb":{"@id":"https:\/\/www.pb-franken.de\/wordpress\/aktuelles\/#breadcrumb"},"inLanguage":"de","potentialAction":[{"@type":"ReadAction","target":["https:\/\/www.pb-franken.de\/wordpress\/aktuelles\/"]}]},{"@type":"BreadcrumbList","@id":"https:\/\/www.pb-franken.de\/wordpress\/aktuelles\/#breadcrumb","itemListElement":[{"@type":"ListItem","position":1,"name":"Startseite","item":"https:\/\/www.pb-franken.de\/wordpress\/"},{"@type":"ListItem","position":2,"name":"Aktuelles"}]},{"@type":"WebSite","@id":"https:\/\/www.pb-franken.de\/wordpress\/#website","url":"https:\/\/www.pb-franken.de\/wordpress\/","name":"Mensch zu Mensch e.V.","description":"Betreuungsdienstleistungen, Alltagshilfen und individuelle Beratung in Kitzingen, W\u00fcrzburg und Franken.","publisher":{"@id":"https:\/\/www.pb-franken.de\/wordpress\/#organization"},"potentialAction":[{"@type":"SearchAction","target":{"@type":"EntryPoint","urlTemplate":"https:\/\/www.pb-franken.de\/wordpress\/?s={search_term_string}"},"query-input":{"@type":"PropertyValueSpecification","valueRequired":true,"valueName":"search_term_string"}}],"inLanguage":"de"},{"@type":"Organization","@id":"https:\/\/www.pb-franken.de\/wordpress\/#organization","name":"Mensch zu Mensch e.V.","url":"https:\/\/www.pb-franken.de\/wordpress\/","logo":{"@type":"ImageObject","inLanguage":"de","@id":"https:\/\/www.pb-franken.de\/wordpress\/#\/schema\/logo\/image\/","url":"https:\/\/www.pb-franken.de\/wordpress\/wp-content\/uploads\/2019\/03\/LogoMenschzuMenschev_website.png","contentUrl":"https:\/\/www.pb-franken.de\/wordpress\/wp-content\/uploads\/2019\/03\/LogoMenschzuMenschev_website.png","width":417,"height":153,"caption":"Mensch zu Mensch e.V."},"image":{"@id":"https:\/\/www.pb-franken.de\/wordpress\/#\/schema\/logo\/image\/"}}]}},"_links":{"self":[{"href":"https:\/\/www.pb-franken.de\/wordpress\/wp-json\/wp\/v2\/pages\/389","targetHints":{"allow":["GET"]}}],"collection":[{"href":"https:\/\/www.pb-franken.de\/wordpress\/wp-json\/wp\/v2\/pages"}],"about":[{"href":"https:\/\/www.pb-franken.de\/wordpress\/wp-json\/wp\/v2\/types\/page"}],"author":[{"embeddable":true,"href":"https:\/\/www.pb-franken.de\/wordpress\/wp-json\/wp\/v2\/users\/1"}],"replies":[{"embeddable":true,"href":"https:\/\/www.pb-franken.de\/wordpress\/wp-json\/wp\/v2\/comments?post=389"}],"version-history":[{"count":27,"href":"https:\/\/www.pb-franken.de\/wordpress\/wp-json\/wp\/v2\/pages\/389\/revisions"}],"predecessor-version":[{"id":651,"href":"https:\/\/www.pb-franken.de\/wordpress\/wp-json\/wp\/v2\/pages\/389\/revisions\/651"}],"wp:attachment":[{"href":"https:\/\/www.pb-franken.de\/wordpress\/wp-json\/wp\/v2\/media?parent=389"}],"curies":[{"name":"wp","href":"https:\/\/api.w.org\/{rel}","templated":true}]}}