{"id":622,"date":"2025-07-27T20:31:16","date_gmt":"2025-07-27T18:31:16","guid":{"rendered":"https:\/\/www.pb-franken.de\/wordpress\/?page_id=622"},"modified":"2025-07-27T20:31:16","modified_gmt":"2025-07-27T18:31:16","slug":"ambulante-soziotherapie-nach-%c2%a7-37a-sgb-v","status":"publish","type":"page","link":"https:\/\/www.pb-franken.de\/wordpress\/ambulante-soziotherapie-nach-%c2%a7-37a-sgb-v\/","title":{"rendered":"Ambulante Soziotherapie nach \u00a7 37a SGB V"},"content":{"rendered":"<p><strong>Darum ist Soziotherapie wichtig<\/strong><\/p>\n<p>Bei einer schweren psychischen Erkrankung l\u00f6sen sich oft die gewohnten Strukturen im Leben auf.\u00a0Der vertraute Alltag, Beruf, Bankgesch\u00e4fte und Wohnungsangelegenheiten geraten in den Hintergrund \u2013 die Familie ist \u00fcberfordert, der Freundeskreis ist verunsichert und selbst Arzttermine verlieren an Bedeutung.\u00a0So entsteht schnell ein Teufelskreis: Eine station\u00e4re Behandlung wird n\u00f6tig. Nach der R\u00fcckkehr nach Hause steigt der Stress \u2013 h\u00e4ufig verschlechtert sich der Gesundheitszustand erneut und ein weiterer Klinikaufenthalt steht ins Haus.<\/p>\n<p>Genau hier setzt die ambulante Soziotherapie an. Die Betroffenen lernen, ihr Lebensumfeld wieder selbst zu gestalten, den Alltag zu bew\u00e4ltigen und n\u00f6tige Hilfen eigenst\u00e4ndig zu organisieren.<\/p>\n<p><strong>Wer \u00fcbernimmt die Kosten und wie viel Soziotherapie gibt es?<\/strong><\/p>\n<p>Soziotherapie ist eine gesetzliche Leistung der Krankenkasse (SGB V \u00a7 37a) und eine sogenannte \u201eaufsuchende Hilfe\u201c: die Sozio-therapeut*innen kommen direkt zu den Betroffenen nach Hause. Jede versicherte Person hat darauf Anspruch.<\/p>\n<p>Gesetzlich Krankenversicherte erhalten bis zu 120 Sitzungen innerhalb von drei Jahren. Privatversicherte kl\u00e4ren die Kosten-\u00fcbernahme individuell.\u00a0Verordnungsberechtigt sind Psycho-therapeut*innen und \u00c4rzt*innen der Fachrichtungen Psychiatrie, Psycho-therapie, Neurologie sowie psycho-somatische Medizin.<\/p>\n<p>Haus\u00e4rzt*innen k\u00f6nnen vorab bis zu f\u00fcnf Therapieeinheiten verordnen und eine \u00dcberweisung an die Verordnungsberechtigten ausstellen.<\/p>\n","protected":false},"excerpt":{"rendered":"<p>Darum ist Soziotherapie wichtig Bei einer schweren psychischen Erkrankung l\u00f6sen sich oft die gewohnten Strukturen im Leben auf.\u00a0Der vertraute Alltag, Beruf, Bankgesch\u00e4fte und Wohnungsangelegenheiten geraten in den Hintergrund \u2013 die Familie ist \u00fcberfordert, der Freundeskreis ist verunsichert und selbst Arzttermine verlieren an Bedeutung.\u00a0So entsteht schnell ein Teufelskreis: Eine station\u00e4re Behandlung wird n\u00f6tig. Nach der R\u00fcckkehr [&hellip;]<\/p>\n","protected":false},"author":1,"featured_media":0,"parent":0,"menu_order":0,"comment_status":"closed","ping_status":"closed","template":"","meta":{"footnotes":""},"class_list":["post-622","page","type-page","status-publish","hentry"],"yoast_head":"<!-- This site is optimized with the Yoast SEO plugin v27.2 - https:\/\/yoast.com\/product\/yoast-seo-wordpress\/ -->\n<title>Ambulante Soziotherapie nach \u00a7 37a SGB V ~ Mensch zu Mensch e.V.<\/title>\n<meta name=\"robots\" content=\"index, follow, max-snippet:-1, max-image-preview:large, max-video-preview:-1\" \/>\n<link rel=\"canonical\" href=\"https:\/\/www.pb-franken.de\/wordpress\/ambulante-soziotherapie-nach-\u00a7-37a-sgb-v\/\" \/>\n<meta property=\"og:locale\" content=\"de_DE\" \/>\n<meta property=\"og:type\" content=\"article\" \/>\n<meta property=\"og:title\" content=\"Ambulante Soziotherapie nach \u00a7 37a SGB V ~ Mensch zu Mensch e.V.\" \/>\n<meta property=\"og:description\" content=\"Darum ist Soziotherapie wichtig Bei einer schweren psychischen Erkrankung l\u00f6sen sich oft die gewohnten Strukturen im Leben auf.\u00a0Der vertraute Alltag, Beruf, Bankgesch\u00e4fte und Wohnungsangelegenheiten geraten in den Hintergrund \u2013 die Familie ist \u00fcberfordert, der Freundeskreis ist verunsichert und selbst Arzttermine verlieren an Bedeutung.\u00a0So entsteht schnell ein Teufelskreis: Eine station\u00e4re Behandlung wird n\u00f6tig. Nach der R\u00fcckkehr [&hellip;]\" \/>\n<meta property=\"og:url\" content=\"https:\/\/www.pb-franken.de\/wordpress\/ambulante-soziotherapie-nach-\u00a7-37a-sgb-v\/\" \/>\n<meta property=\"og:site_name\" content=\"Mensch zu Mensch e.V.\" \/>\n<meta name=\"twitter:card\" content=\"summary_large_image\" \/>\n<meta name=\"twitter:label1\" content=\"Gesch\u00e4tzte Lesezeit\" \/>\n\t<meta name=\"twitter:data1\" content=\"2\u00a0Minuten\" \/>\n<script type=\"application\/ld+json\" class=\"yoast-schema-graph\">{\"@context\":\"https:\/\/schema.org\",\"@graph\":[{\"@type\":\"WebPage\",\"@id\":\"https:\/\/www.pb-franken.de\/wordpress\/ambulante-soziotherapie-nach-%c2%a7-37a-sgb-v\/\",\"url\":\"https:\/\/www.pb-franken.de\/wordpress\/ambulante-soziotherapie-nach-%c2%a7-37a-sgb-v\/\",\"name\":\"Ambulante Soziotherapie nach \u00a7 37a SGB V ~ Mensch zu Mensch e.V.\",\"isPartOf\":{\"@id\":\"https:\/\/www.pb-franken.de\/wordpress\/#website\"},\"datePublished\":\"2025-07-27T18:31:16+00:00\",\"breadcrumb\":{\"@id\":\"https:\/\/www.pb-franken.de\/wordpress\/ambulante-soziotherapie-nach-%c2%a7-37a-sgb-v\/#breadcrumb\"},\"inLanguage\":\"de\",\"potentialAction\":[{\"@type\":\"ReadAction\",\"target\":[\"https:\/\/www.pb-franken.de\/wordpress\/ambulante-soziotherapie-nach-%c2%a7-37a-sgb-v\/\"]}]},{\"@type\":\"BreadcrumbList\",\"@id\":\"https:\/\/www.pb-franken.de\/wordpress\/ambulante-soziotherapie-nach-%c2%a7-37a-sgb-v\/#breadcrumb\",\"itemListElement\":[{\"@type\":\"ListItem\",\"position\":1,\"name\":\"Startseite\",\"item\":\"https:\/\/www.pb-franken.de\/wordpress\/\"},{\"@type\":\"ListItem\",\"position\":2,\"name\":\"Ambulante Soziotherapie nach \u00a7 37a SGB V\"}]},{\"@type\":\"WebSite\",\"@id\":\"https:\/\/www.pb-franken.de\/wordpress\/#website\",\"url\":\"https:\/\/www.pb-franken.de\/wordpress\/\",\"name\":\"Mensch zu Mensch e.V.\",\"description\":\"Betreuungsdienstleistungen, Alltagshilfen und individuelle Beratung in Kitzingen, W\u00fcrzburg und Franken.\",\"publisher\":{\"@id\":\"https:\/\/www.pb-franken.de\/wordpress\/#organization\"},\"potentialAction\":[{\"@type\":\"SearchAction\",\"target\":{\"@type\":\"EntryPoint\",\"urlTemplate\":\"https:\/\/www.pb-franken.de\/wordpress\/?s={search_term_string}\"},\"query-input\":{\"@type\":\"PropertyValueSpecification\",\"valueRequired\":true,\"valueName\":\"search_term_string\"}}],\"inLanguage\":\"de\"},{\"@type\":\"Organization\",\"@id\":\"https:\/\/www.pb-franken.de\/wordpress\/#organization\",\"name\":\"Mensch zu Mensch e.V.\",\"url\":\"https:\/\/www.pb-franken.de\/wordpress\/\",\"logo\":{\"@type\":\"ImageObject\",\"inLanguage\":\"de\",\"@id\":\"https:\/\/www.pb-franken.de\/wordpress\/#\/schema\/logo\/image\/\",\"url\":\"https:\/\/www.pb-franken.de\/wordpress\/wp-content\/uploads\/2019\/03\/LogoMenschzuMenschev_website.png\",\"contentUrl\":\"https:\/\/www.pb-franken.de\/wordpress\/wp-content\/uploads\/2019\/03\/LogoMenschzuMenschev_website.png\",\"width\":417,\"height\":153,\"caption\":\"Mensch zu Mensch e.V.\"},\"image\":{\"@id\":\"https:\/\/www.pb-franken.de\/wordpress\/#\/schema\/logo\/image\/\"}}]}<\/script>\n<!-- \/ Yoast SEO plugin. -->","yoast_head_json":{"title":"Ambulante Soziotherapie nach \u00a7 37a SGB V ~ Mensch zu Mensch e.V.","robots":{"index":"index","follow":"follow","max-snippet":"max-snippet:-1","max-image-preview":"max-image-preview:large","max-video-preview":"max-video-preview:-1"},"canonical":"https:\/\/www.pb-franken.de\/wordpress\/ambulante-soziotherapie-nach-\u00a7-37a-sgb-v\/","og_locale":"de_DE","og_type":"article","og_title":"Ambulante Soziotherapie nach \u00a7 37a SGB V ~ Mensch zu Mensch e.V.","og_description":"Darum ist Soziotherapie wichtig Bei einer schweren psychischen Erkrankung l\u00f6sen sich oft die gewohnten Strukturen im Leben auf.\u00a0Der vertraute Alltag, Beruf, Bankgesch\u00e4fte und Wohnungsangelegenheiten geraten in den Hintergrund \u2013 die Familie ist \u00fcberfordert, der Freundeskreis ist verunsichert und selbst Arzttermine verlieren an Bedeutung.\u00a0So entsteht schnell ein Teufelskreis: Eine station\u00e4re Behandlung wird n\u00f6tig. Nach der R\u00fcckkehr [&hellip;]","og_url":"https:\/\/www.pb-franken.de\/wordpress\/ambulante-soziotherapie-nach-\u00a7-37a-sgb-v\/","og_site_name":"Mensch zu Mensch e.V.","twitter_card":"summary_large_image","twitter_misc":{"Gesch\u00e4tzte Lesezeit":"2\u00a0Minuten"},"schema":{"@context":"https:\/\/schema.org","@graph":[{"@type":"WebPage","@id":"https:\/\/www.pb-franken.de\/wordpress\/ambulante-soziotherapie-nach-%c2%a7-37a-sgb-v\/","url":"https:\/\/www.pb-franken.de\/wordpress\/ambulante-soziotherapie-nach-%c2%a7-37a-sgb-v\/","name":"Ambulante Soziotherapie nach \u00a7 37a SGB V ~ Mensch zu Mensch e.V.","isPartOf":{"@id":"https:\/\/www.pb-franken.de\/wordpress\/#website"},"datePublished":"2025-07-27T18:31:16+00:00","breadcrumb":{"@id":"https:\/\/www.pb-franken.de\/wordpress\/ambulante-soziotherapie-nach-%c2%a7-37a-sgb-v\/#breadcrumb"},"inLanguage":"de","potentialAction":[{"@type":"ReadAction","target":["https:\/\/www.pb-franken.de\/wordpress\/ambulante-soziotherapie-nach-%c2%a7-37a-sgb-v\/"]}]},{"@type":"BreadcrumbList","@id":"https:\/\/www.pb-franken.de\/wordpress\/ambulante-soziotherapie-nach-%c2%a7-37a-sgb-v\/#breadcrumb","itemListElement":[{"@type":"ListItem","position":1,"name":"Startseite","item":"https:\/\/www.pb-franken.de\/wordpress\/"},{"@type":"ListItem","position":2,"name":"Ambulante Soziotherapie nach \u00a7 37a SGB V"}]},{"@type":"WebSite","@id":"https:\/\/www.pb-franken.de\/wordpress\/#website","url":"https:\/\/www.pb-franken.de\/wordpress\/","name":"Mensch zu Mensch e.V.","description":"Betreuungsdienstleistungen, Alltagshilfen und individuelle Beratung in Kitzingen, W\u00fcrzburg und Franken.","publisher":{"@id":"https:\/\/www.pb-franken.de\/wordpress\/#organization"},"potentialAction":[{"@type":"SearchAction","target":{"@type":"EntryPoint","urlTemplate":"https:\/\/www.pb-franken.de\/wordpress\/?s={search_term_string}"},"query-input":{"@type":"PropertyValueSpecification","valueRequired":true,"valueName":"search_term_string"}}],"inLanguage":"de"},{"@type":"Organization","@id":"https:\/\/www.pb-franken.de\/wordpress\/#organization","name":"Mensch zu Mensch e.V.","url":"https:\/\/www.pb-franken.de\/wordpress\/","logo":{"@type":"ImageObject","inLanguage":"de","@id":"https:\/\/www.pb-franken.de\/wordpress\/#\/schema\/logo\/image\/","url":"https:\/\/www.pb-franken.de\/wordpress\/wp-content\/uploads\/2019\/03\/LogoMenschzuMenschev_website.png","contentUrl":"https:\/\/www.pb-franken.de\/wordpress\/wp-content\/uploads\/2019\/03\/LogoMenschzuMenschev_website.png","width":417,"height":153,"caption":"Mensch zu Mensch e.V."},"image":{"@id":"https:\/\/www.pb-franken.de\/wordpress\/#\/schema\/logo\/image\/"}}]}},"_links":{"self":[{"href":"https:\/\/www.pb-franken.de\/wordpress\/wp-json\/wp\/v2\/pages\/622","targetHints":{"allow":["GET"]}}],"collection":[{"href":"https:\/\/www.pb-franken.de\/wordpress\/wp-json\/wp\/v2\/pages"}],"about":[{"href":"https:\/\/www.pb-franken.de\/wordpress\/wp-json\/wp\/v2\/types\/page"}],"author":[{"embeddable":true,"href":"https:\/\/www.pb-franken.de\/wordpress\/wp-json\/wp\/v2\/users\/1"}],"replies":[{"embeddable":true,"href":"https:\/\/www.pb-franken.de\/wordpress\/wp-json\/wp\/v2\/comments?post=622"}],"version-history":[{"count":1,"href":"https:\/\/www.pb-franken.de\/wordpress\/wp-json\/wp\/v2\/pages\/622\/revisions"}],"predecessor-version":[{"id":623,"href":"https:\/\/www.pb-franken.de\/wordpress\/wp-json\/wp\/v2\/pages\/622\/revisions\/623"}],"wp:attachment":[{"href":"https:\/\/www.pb-franken.de\/wordpress\/wp-json\/wp\/v2\/media?parent=622"}],"curies":[{"name":"wp","href":"https:\/\/api.w.org\/{rel}","templated":true}]}}