{"id":76,"date":"2017-01-04T11:41:26","date_gmt":"2017-01-04T10:41:26","guid":{"rendered":"http:\/\/www.pb-franken.de.w01442d2.kasserver.com\/wordpress\/?page_id=76"},"modified":"2019-01-30T20:00:43","modified_gmt":"2019-01-30T19:00:43","slug":"netzwerk","status":"publish","type":"page","link":"https:\/\/www.pb-franken.de\/wordpress\/netzwerk\/","title":{"rendered":"Netzwerk"},"content":{"rendered":"<h4><img loading=\"lazy\" decoding=\"async\" class=\"size-full wp-image-130 alignleft\" src=\"https:\/\/www.pb-franken.de\/wordpress\/wp-content\/uploads\/2017\/01\/Loge-pbMittelfranken.png\" alt=\"\" width=\"159\" height=\"188\" \/><br \/>\nArbeitskreis Pers\u00f6nliches Budget Mittelfranken<\/h4>\n<p>Der Arbeitskreis Pers\u00f6nliches Budget (AKPB) hat sich zum Ziel gemacht, einen<br \/>\nregelm\u00e4\u00dfigen Informationsaustausch der Anbieter f\u00fcr das Pers\u00f6nliche Budget im<\/p>\n<p>Regierungsbezirk von Mittelfranken zu etablieren. Er dient dem Austausch von Informationen,<br \/>\naber auch der Transparenz, Sachkunde und Vernetzung. Zudem soll eine Qualit\u00e4tssicherung bei den Anbietern<br \/>\ndes Pers\u00f6nlichen Budgets gef\u00f6rdert und unterst\u00fctzt werden.<\/p>\n<p><a href=\"http:\/\/www.pbudget-mittelfranken.de\">http:\/\/www.pbudget-mittelfranken.de<\/a><\/p>\n<p>&nbsp;<\/p>\n<p>&nbsp;<\/p>\n<h3><img loading=\"lazy\" decoding=\"async\" class=\" wp-image-129 alignleft\" src=\"https:\/\/www.pb-franken.de\/wordpress\/wp-content\/uploads\/2017\/01\/Logo-pbUnterfranken-1.png\" alt=\"\" width=\"151\" height=\"109\" \/>Pers\u00f6nliches Budget Unterfranken<\/h3>\n<p>Der Arbeitskreis Pers\u00f6nliches Budget Unterfranken ist ein Zusammenschluss von Diensten, Einrichtungen und eigenst\u00e4ndig arbeitenden Fachkr\u00e4ften, die Menschen mit psychischen Erkrankungen, Suchterkrankungen und anderen Beeintr\u00e4chtigungen\u00a0 qualitativ hochwertige und individuelle Hilfen anbieten. Wir sind vernetzt mit psychosozialen Arbeitsgemeinschaften in Unterfranken. Kontakt \u00fcber unsere Vereinsgesch\u00e4ftstelle.<\/p>\n<p>&nbsp;<\/p>\n","protected":false},"excerpt":{"rendered":"<p>Arbeitskreis Pers\u00f6nliches Budget Mittelfranken Der Arbeitskreis Pers\u00f6nliches Budget (AKPB) hat sich zum Ziel gemacht, einen regelm\u00e4\u00dfigen Informationsaustausch der Anbieter f\u00fcr das Pers\u00f6nliche Budget im Regierungsbezirk von Mittelfranken zu etablieren. Er dient dem Austausch von Informationen, aber auch der Transparenz, Sachkunde und Vernetzung. Zudem soll eine Qualit\u00e4tssicherung bei den Anbietern des Pers\u00f6nlichen Budgets gef\u00f6rdert und unterst\u00fctzt [&hellip;]<\/p>\n","protected":false},"author":1,"featured_media":0,"parent":0,"menu_order":0,"comment_status":"closed","ping_status":"closed","template":"","meta":{"footnotes":""},"class_list":["post-76","page","type-page","status-publish","hentry"],"yoast_head":"<!-- This site is optimized with the Yoast SEO plugin v27.2 - https:\/\/yoast.com\/product\/yoast-seo-wordpress\/ -->\n<title>Netzwerk ~ Mensch zu Mensch e.V.<\/title>\n<meta name=\"robots\" content=\"index, follow, max-snippet:-1, max-image-preview:large, max-video-preview:-1\" \/>\n<link rel=\"canonical\" href=\"https:\/\/www.pb-franken.de\/wordpress\/netzwerk\/\" \/>\n<meta property=\"og:locale\" content=\"de_DE\" \/>\n<meta property=\"og:type\" content=\"article\" \/>\n<meta property=\"og:title\" content=\"Netzwerk ~ Mensch zu Mensch e.V.\" \/>\n<meta property=\"og:description\" content=\"Arbeitskreis Pers\u00f6nliches Budget Mittelfranken Der Arbeitskreis Pers\u00f6nliches Budget (AKPB) hat sich zum Ziel gemacht, einen regelm\u00e4\u00dfigen Informationsaustausch der Anbieter f\u00fcr das Pers\u00f6nliche Budget im Regierungsbezirk von Mittelfranken zu etablieren. Er dient dem Austausch von Informationen, aber auch der Transparenz, Sachkunde und Vernetzung. Zudem soll eine Qualit\u00e4tssicherung bei den Anbietern des Pers\u00f6nlichen Budgets gef\u00f6rdert und unterst\u00fctzt [&hellip;]\" \/>\n<meta property=\"og:url\" content=\"https:\/\/www.pb-franken.de\/wordpress\/netzwerk\/\" \/>\n<meta property=\"og:site_name\" content=\"Mensch zu Mensch e.V.\" \/>\n<meta property=\"article:modified_time\" content=\"2019-01-30T19:00:43+00:00\" \/>\n<meta property=\"og:image\" content=\"https:\/\/www.pb-franken.de\/wordpress\/wp-content\/uploads\/2017\/01\/Loge-pbMittelfranken.png\" \/>\n<meta name=\"twitter:card\" content=\"summary_large_image\" \/>\n<meta name=\"twitter:label1\" content=\"Gesch\u00e4tzte Lesezeit\" \/>\n\t<meta name=\"twitter:data1\" content=\"1\u00a0Minute\" \/>\n<script type=\"application\/ld+json\" class=\"yoast-schema-graph\">{\"@context\":\"https:\/\/schema.org\",\"@graph\":[{\"@type\":\"WebPage\",\"@id\":\"https:\/\/www.pb-franken.de\/wordpress\/netzwerk\/\",\"url\":\"https:\/\/www.pb-franken.de\/wordpress\/netzwerk\/\",\"name\":\"Netzwerk ~ Mensch zu Mensch e.V.\",\"isPartOf\":{\"@id\":\"https:\/\/www.pb-franken.de\/wordpress\/#website\"},\"primaryImageOfPage\":{\"@id\":\"https:\/\/www.pb-franken.de\/wordpress\/netzwerk\/#primaryimage\"},\"image\":{\"@id\":\"https:\/\/www.pb-franken.de\/wordpress\/netzwerk\/#primaryimage\"},\"thumbnailUrl\":\"https:\/\/www.pb-franken.de\/wordpress\/wp-content\/uploads\/2017\/01\/Loge-pbMittelfranken.png\",\"datePublished\":\"2017-01-04T10:41:26+00:00\",\"dateModified\":\"2019-01-30T19:00:43+00:00\",\"breadcrumb\":{\"@id\":\"https:\/\/www.pb-franken.de\/wordpress\/netzwerk\/#breadcrumb\"},\"inLanguage\":\"de\",\"potentialAction\":[{\"@type\":\"ReadAction\",\"target\":[\"https:\/\/www.pb-franken.de\/wordpress\/netzwerk\/\"]}]},{\"@type\":\"ImageObject\",\"inLanguage\":\"de\",\"@id\":\"https:\/\/www.pb-franken.de\/wordpress\/netzwerk\/#primaryimage\",\"url\":\"https:\/\/www.pb-franken.de\/wordpress\/wp-content\/uploads\/2017\/01\/Loge-pbMittelfranken.png\",\"contentUrl\":\"https:\/\/www.pb-franken.de\/wordpress\/wp-content\/uploads\/2017\/01\/Loge-pbMittelfranken.png\",\"width\":159,\"height\":188},{\"@type\":\"BreadcrumbList\",\"@id\":\"https:\/\/www.pb-franken.de\/wordpress\/netzwerk\/#breadcrumb\",\"itemListElement\":[{\"@type\":\"ListItem\",\"position\":1,\"name\":\"Startseite\",\"item\":\"https:\/\/www.pb-franken.de\/wordpress\/\"},{\"@type\":\"ListItem\",\"position\":2,\"name\":\"Netzwerk\"}]},{\"@type\":\"WebSite\",\"@id\":\"https:\/\/www.pb-franken.de\/wordpress\/#website\",\"url\":\"https:\/\/www.pb-franken.de\/wordpress\/\",\"name\":\"Mensch zu Mensch e.V.\",\"description\":\"Betreuungsdienstleistungen, Alltagshilfen und individuelle Beratung in Kitzingen, W\u00fcrzburg und Franken.\",\"publisher\":{\"@id\":\"https:\/\/www.pb-franken.de\/wordpress\/#organization\"},\"potentialAction\":[{\"@type\":\"SearchAction\",\"target\":{\"@type\":\"EntryPoint\",\"urlTemplate\":\"https:\/\/www.pb-franken.de\/wordpress\/?s={search_term_string}\"},\"query-input\":{\"@type\":\"PropertyValueSpecification\",\"valueRequired\":true,\"valueName\":\"search_term_string\"}}],\"inLanguage\":\"de\"},{\"@type\":\"Organization\",\"@id\":\"https:\/\/www.pb-franken.de\/wordpress\/#organization\",\"name\":\"Mensch zu Mensch e.V.\",\"url\":\"https:\/\/www.pb-franken.de\/wordpress\/\",\"logo\":{\"@type\":\"ImageObject\",\"inLanguage\":\"de\",\"@id\":\"https:\/\/www.pb-franken.de\/wordpress\/#\/schema\/logo\/image\/\",\"url\":\"https:\/\/www.pb-franken.de\/wordpress\/wp-content\/uploads\/2019\/03\/LogoMenschzuMenschev_website.png\",\"contentUrl\":\"https:\/\/www.pb-franken.de\/wordpress\/wp-content\/uploads\/2019\/03\/LogoMenschzuMenschev_website.png\",\"width\":417,\"height\":153,\"caption\":\"Mensch zu Mensch e.V.\"},\"image\":{\"@id\":\"https:\/\/www.pb-franken.de\/wordpress\/#\/schema\/logo\/image\/\"}}]}<\/script>\n<!-- \/ Yoast SEO plugin. -->","yoast_head_json":{"title":"Netzwerk ~ Mensch zu Mensch e.V.","robots":{"index":"index","follow":"follow","max-snippet":"max-snippet:-1","max-image-preview":"max-image-preview:large","max-video-preview":"max-video-preview:-1"},"canonical":"https:\/\/www.pb-franken.de\/wordpress\/netzwerk\/","og_locale":"de_DE","og_type":"article","og_title":"Netzwerk ~ Mensch zu Mensch e.V.","og_description":"Arbeitskreis Pers\u00f6nliches Budget Mittelfranken Der Arbeitskreis Pers\u00f6nliches Budget (AKPB) hat sich zum Ziel gemacht, einen regelm\u00e4\u00dfigen Informationsaustausch der Anbieter f\u00fcr das Pers\u00f6nliche Budget im Regierungsbezirk von Mittelfranken zu etablieren. Er dient dem Austausch von Informationen, aber auch der Transparenz, Sachkunde und Vernetzung. Zudem soll eine Qualit\u00e4tssicherung bei den Anbietern des Pers\u00f6nlichen Budgets gef\u00f6rdert und unterst\u00fctzt [&hellip;]","og_url":"https:\/\/www.pb-franken.de\/wordpress\/netzwerk\/","og_site_name":"Mensch zu Mensch e.V.","article_modified_time":"2019-01-30T19:00:43+00:00","og_image":[{"url":"https:\/\/www.pb-franken.de\/wordpress\/wp-content\/uploads\/2017\/01\/Loge-pbMittelfranken.png","type":"","width":"","height":""}],"twitter_card":"summary_large_image","twitter_misc":{"Gesch\u00e4tzte Lesezeit":"1\u00a0Minute"},"schema":{"@context":"https:\/\/schema.org","@graph":[{"@type":"WebPage","@id":"https:\/\/www.pb-franken.de\/wordpress\/netzwerk\/","url":"https:\/\/www.pb-franken.de\/wordpress\/netzwerk\/","name":"Netzwerk ~ Mensch zu Mensch e.V.","isPartOf":{"@id":"https:\/\/www.pb-franken.de\/wordpress\/#website"},"primaryImageOfPage":{"@id":"https:\/\/www.pb-franken.de\/wordpress\/netzwerk\/#primaryimage"},"image":{"@id":"https:\/\/www.pb-franken.de\/wordpress\/netzwerk\/#primaryimage"},"thumbnailUrl":"https:\/\/www.pb-franken.de\/wordpress\/wp-content\/uploads\/2017\/01\/Loge-pbMittelfranken.png","datePublished":"2017-01-04T10:41:26+00:00","dateModified":"2019-01-30T19:00:43+00:00","breadcrumb":{"@id":"https:\/\/www.pb-franken.de\/wordpress\/netzwerk\/#breadcrumb"},"inLanguage":"de","potentialAction":[{"@type":"ReadAction","target":["https:\/\/www.pb-franken.de\/wordpress\/netzwerk\/"]}]},{"@type":"ImageObject","inLanguage":"de","@id":"https:\/\/www.pb-franken.de\/wordpress\/netzwerk\/#primaryimage","url":"https:\/\/www.pb-franken.de\/wordpress\/wp-content\/uploads\/2017\/01\/Loge-pbMittelfranken.png","contentUrl":"https:\/\/www.pb-franken.de\/wordpress\/wp-content\/uploads\/2017\/01\/Loge-pbMittelfranken.png","width":159,"height":188},{"@type":"BreadcrumbList","@id":"https:\/\/www.pb-franken.de\/wordpress\/netzwerk\/#breadcrumb","itemListElement":[{"@type":"ListItem","position":1,"name":"Startseite","item":"https:\/\/www.pb-franken.de\/wordpress\/"},{"@type":"ListItem","position":2,"name":"Netzwerk"}]},{"@type":"WebSite","@id":"https:\/\/www.pb-franken.de\/wordpress\/#website","url":"https:\/\/www.pb-franken.de\/wordpress\/","name":"Mensch zu Mensch e.V.","description":"Betreuungsdienstleistungen, Alltagshilfen und individuelle Beratung in Kitzingen, W\u00fcrzburg und Franken.","publisher":{"@id":"https:\/\/www.pb-franken.de\/wordpress\/#organization"},"potentialAction":[{"@type":"SearchAction","target":{"@type":"EntryPoint","urlTemplate":"https:\/\/www.pb-franken.de\/wordpress\/?s={search_term_string}"},"query-input":{"@type":"PropertyValueSpecification","valueRequired":true,"valueName":"search_term_string"}}],"inLanguage":"de"},{"@type":"Organization","@id":"https:\/\/www.pb-franken.de\/wordpress\/#organization","name":"Mensch zu Mensch e.V.","url":"https:\/\/www.pb-franken.de\/wordpress\/","logo":{"@type":"ImageObject","inLanguage":"de","@id":"https:\/\/www.pb-franken.de\/wordpress\/#\/schema\/logo\/image\/","url":"https:\/\/www.pb-franken.de\/wordpress\/wp-content\/uploads\/2019\/03\/LogoMenschzuMenschev_website.png","contentUrl":"https:\/\/www.pb-franken.de\/wordpress\/wp-content\/uploads\/2019\/03\/LogoMenschzuMenschev_website.png","width":417,"height":153,"caption":"Mensch zu Mensch e.V."},"image":{"@id":"https:\/\/www.pb-franken.de\/wordpress\/#\/schema\/logo\/image\/"}}]}},"_links":{"self":[{"href":"https:\/\/www.pb-franken.de\/wordpress\/wp-json\/wp\/v2\/pages\/76","targetHints":{"allow":["GET"]}}],"collection":[{"href":"https:\/\/www.pb-franken.de\/wordpress\/wp-json\/wp\/v2\/pages"}],"about":[{"href":"https:\/\/www.pb-franken.de\/wordpress\/wp-json\/wp\/v2\/types\/page"}],"author":[{"embeddable":true,"href":"https:\/\/www.pb-franken.de\/wordpress\/wp-json\/wp\/v2\/users\/1"}],"replies":[{"embeddable":true,"href":"https:\/\/www.pb-franken.de\/wordpress\/wp-json\/wp\/v2\/comments?post=76"}],"version-history":[{"count":3,"href":"https:\/\/www.pb-franken.de\/wordpress\/wp-json\/wp\/v2\/pages\/76\/revisions"}],"predecessor-version":[{"id":182,"href":"https:\/\/www.pb-franken.de\/wordpress\/wp-json\/wp\/v2\/pages\/76\/revisions\/182"}],"wp:attachment":[{"href":"https:\/\/www.pb-franken.de\/wordpress\/wp-json\/wp\/v2\/media?parent=76"}],"curies":[{"name":"wp","href":"https:\/\/api.w.org\/{rel}","templated":true}]}}