{"id":78,"date":"2016-04-01T15:44:37","date_gmt":"2016-04-01T13:44:37","guid":{"rendered":"http:\/\/www.pb-franken.de.w01442d2.kasserver.com\/wordpress\/?page_id=78"},"modified":"2022-08-27T17:13:18","modified_gmt":"2022-08-27T15:13:18","slug":"leistungen","status":"publish","type":"page","link":"https:\/\/www.pb-franken.de\/wordpress\/leistungen\/","title":{"rendered":"Assistenzdienste"},"content":{"rendered":"<h2>Leistungen in der Eingliederungshilfe<\/h2>\n<p class=\"p1\">Unsere Klienten unterst\u00fctzen wir flexibel und individuell im Alltag.<br \/>\nGemeinsam erstellen wir sinnvolle Ma\u00dfnahmen zur Unterst\u00fctzung.<\/p>\n<p>Solche Unterst\u00fctzungen k\u00f6nnen sein:<\/p>\n<ul>\n<li>Beistand und Ansprechpartner bei Problemen und Krisen<\/li>\n<li>Hilfe bei Ihrer Freizeitgestaltung und gew\u00fcnschten Unternehmungen<\/li>\n<li>Begleitung bei Arztbesuchen<\/li>\n<li>Unterst\u00fctzung bei Terminen bei \u00c4mtern<\/li>\n<li>Hilfestellung im Haushalt: z.B.: Begleitung beim Einkauf, gemeinsames Kochen&#8230;.<\/li>\n<li>Hilfe beim Verst\u00e4ndnis und Bearbeiten von Formularen und Antr\u00e4gen<\/li>\n<\/ul>\n<h2>F\u00fcr wen sind wir da?<\/h2>\n<p>Wir bieten Unterst\u00fctzung im Alltag f\u00fcr Menschen mit seelischer, k\u00f6rperlicher oder geistiger Behinderung oder diejenigen, die davon bedroht sind (nach \u00a753 SGB XII). Unsere Leistungen k\u00f6nnen auf Antrag tr\u00e4ger\u00fcbergreifend durch das <a href=\"http:\/\/www.pb-franken.de\/wordpress\/persoenliches-budget\/\">\u201ePers\u00f6nliche Budget\u201c<\/a> oder <a href=\"http:\/\/www.pb-franken.de\/wordpress\/ambulant-betreutes-wohnen-2\/\">&#8222;Ambulant Betreutes Wohnen&#8220;<\/a> abgedeckt werden.<\/p>\n<hr \/>\n<h2>Leistungen in der Inklusionsbegleitung<\/h2>\n<div class=\"column-2 grid__column grid__column--lg-6 grid__column--md-6 grid__column--sm-6 \">\n<div id=\"c581884\" class=\"frame frame-default frame-type-textpic frame-layout-0 \">\n<div class=\"csc-frame csc-frame-default ce-textpic ce-right ce-intext\">\n<div class=\"ce-bodytext\">\n<p>Seit 2020 begleiten wir Kinder mit Beeintr\u00e4chtigungen an integrativen Kindertageseinrichtungen in den Landkreisen Kitzingen und W\u00fcrzburg. Gemeinsam mit dem Kita-Team vor Ort werden die Kinder von unseren Fachkr\u00e4ften individuell und bedarfsgerecht gef\u00f6rdert.\u00a0 Intensiver Austausch unter den Fachkr\u00e4ften, mit den Eltern und eine professionelle Teamarbeit sichert die Qualit\u00e4t unserer integrativen Arbeit. Ziel ist es, dass die Kinder nach ihrer Zeit in der Kindertagesst\u00e4tte gest\u00e4rkt eine Regel- bzw. F\u00f6rderschule besuchen k\u00f6nnen.<\/p>\n<p>Integrative Ma\u00dfnahmen werden, nach Antrag durch die Eltern bei der Bezirksverwaltung, nach dem Sozialgesetzbuch, zw\u00f6lftes Buch, \u00a7\u00a7 53 ff getragen.<\/p>\n<\/div>\n<\/div>\n<\/div>\n<\/div>\n","protected":false},"excerpt":{"rendered":"<p>Leistungen in der Eingliederungshilfe Unsere Klienten unterst\u00fctzen wir flexibel und individuell im Alltag. Gemeinsam erstellen wir sinnvolle Ma\u00dfnahmen zur Unterst\u00fctzung. Solche Unterst\u00fctzungen k\u00f6nnen sein: Beistand und Ansprechpartner bei Problemen und Krisen Hilfe bei Ihrer Freizeitgestaltung und gew\u00fcnschten Unternehmungen Begleitung bei Arztbesuchen Unterst\u00fctzung bei Terminen bei \u00c4mtern Hilfestellung im Haushalt: z.B.: Begleitung beim Einkauf, gemeinsames Kochen&#8230;. [&hellip;]<\/p>\n","protected":false},"author":1,"featured_media":0,"parent":0,"menu_order":0,"comment_status":"closed","ping_status":"closed","template":"","meta":{"footnotes":""},"class_list":["post-78","page","type-page","status-publish","hentry"],"yoast_head":"<!-- This site is optimized with the Yoast SEO plugin v27.2 - https:\/\/yoast.com\/product\/yoast-seo-wordpress\/ -->\n<title>Sozialdienstleistungen und Unterst\u00fctzung im Alltag<\/title>\n<meta name=\"robots\" content=\"index, follow, max-snippet:-1, max-image-preview:large, max-video-preview:-1\" \/>\n<link rel=\"canonical\" href=\"https:\/\/www.pb-franken.de\/wordpress\/leistungen\/\" \/>\n<meta property=\"og:locale\" content=\"de_DE\" \/>\n<meta property=\"og:type\" content=\"article\" \/>\n<meta property=\"og:title\" content=\"Sozialdienstleistungen und Unterst\u00fctzung im Alltag\" \/>\n<meta property=\"og:description\" content=\"Leistungen in der Eingliederungshilfe Unsere Klienten unterst\u00fctzen wir flexibel und individuell im Alltag. Gemeinsam erstellen wir sinnvolle Ma\u00dfnahmen zur Unterst\u00fctzung. Solche Unterst\u00fctzungen k\u00f6nnen sein: Beistand und Ansprechpartner bei Problemen und Krisen Hilfe bei Ihrer Freizeitgestaltung und gew\u00fcnschten Unternehmungen Begleitung bei Arztbesuchen Unterst\u00fctzung bei Terminen bei \u00c4mtern Hilfestellung im Haushalt: z.B.: Begleitung beim Einkauf, gemeinsames Kochen&#8230;. [&hellip;]\" \/>\n<meta property=\"og:url\" content=\"https:\/\/www.pb-franken.de\/wordpress\/leistungen\/\" \/>\n<meta property=\"og:site_name\" content=\"Mensch zu Mensch e.V.\" \/>\n<meta property=\"article:modified_time\" content=\"2022-08-27T15:13:18+00:00\" \/>\n<meta name=\"twitter:card\" content=\"summary_large_image\" \/>\n<meta name=\"twitter:label1\" content=\"Gesch\u00e4tzte Lesezeit\" \/>\n\t<meta name=\"twitter:data1\" content=\"2\u00a0Minuten\" \/>\n<script type=\"application\/ld+json\" class=\"yoast-schema-graph\">{\"@context\":\"https:\/\/schema.org\",\"@graph\":[{\"@type\":\"WebPage\",\"@id\":\"https:\/\/www.pb-franken.de\/wordpress\/leistungen\/\",\"url\":\"https:\/\/www.pb-franken.de\/wordpress\/leistungen\/\",\"name\":\"Sozialdienstleistungen und Unterst\u00fctzung im Alltag\",\"isPartOf\":{\"@id\":\"https:\/\/www.pb-franken.de\/wordpress\/#website\"},\"datePublished\":\"2016-04-01T13:44:37+00:00\",\"dateModified\":\"2022-08-27T15:13:18+00:00\",\"breadcrumb\":{\"@id\":\"https:\/\/www.pb-franken.de\/wordpress\/leistungen\/#breadcrumb\"},\"inLanguage\":\"de\",\"potentialAction\":[{\"@type\":\"ReadAction\",\"target\":[\"https:\/\/www.pb-franken.de\/wordpress\/leistungen\/\"]}]},{\"@type\":\"BreadcrumbList\",\"@id\":\"https:\/\/www.pb-franken.de\/wordpress\/leistungen\/#breadcrumb\",\"itemListElement\":[{\"@type\":\"ListItem\",\"position\":1,\"name\":\"Startseite\",\"item\":\"https:\/\/www.pb-franken.de\/wordpress\/\"},{\"@type\":\"ListItem\",\"position\":2,\"name\":\"Assistenzdienste\"}]},{\"@type\":\"WebSite\",\"@id\":\"https:\/\/www.pb-franken.de\/wordpress\/#website\",\"url\":\"https:\/\/www.pb-franken.de\/wordpress\/\",\"name\":\"Mensch zu Mensch e.V.\",\"description\":\"Betreuungsdienstleistungen, Alltagshilfen und individuelle Beratung in Kitzingen, W\u00fcrzburg und Franken.\",\"publisher\":{\"@id\":\"https:\/\/www.pb-franken.de\/wordpress\/#organization\"},\"potentialAction\":[{\"@type\":\"SearchAction\",\"target\":{\"@type\":\"EntryPoint\",\"urlTemplate\":\"https:\/\/www.pb-franken.de\/wordpress\/?s={search_term_string}\"},\"query-input\":{\"@type\":\"PropertyValueSpecification\",\"valueRequired\":true,\"valueName\":\"search_term_string\"}}],\"inLanguage\":\"de\"},{\"@type\":\"Organization\",\"@id\":\"https:\/\/www.pb-franken.de\/wordpress\/#organization\",\"name\":\"Mensch zu Mensch e.V.\",\"url\":\"https:\/\/www.pb-franken.de\/wordpress\/\",\"logo\":{\"@type\":\"ImageObject\",\"inLanguage\":\"de\",\"@id\":\"https:\/\/www.pb-franken.de\/wordpress\/#\/schema\/logo\/image\/\",\"url\":\"https:\/\/www.pb-franken.de\/wordpress\/wp-content\/uploads\/2019\/03\/LogoMenschzuMenschev_website.png\",\"contentUrl\":\"https:\/\/www.pb-franken.de\/wordpress\/wp-content\/uploads\/2019\/03\/LogoMenschzuMenschev_website.png\",\"width\":417,\"height\":153,\"caption\":\"Mensch zu Mensch e.V.\"},\"image\":{\"@id\":\"https:\/\/www.pb-franken.de\/wordpress\/#\/schema\/logo\/image\/\"}}]}<\/script>\n<!-- \/ Yoast SEO plugin. -->","yoast_head_json":{"title":"Sozialdienstleistungen und Unterst\u00fctzung im Alltag","robots":{"index":"index","follow":"follow","max-snippet":"max-snippet:-1","max-image-preview":"max-image-preview:large","max-video-preview":"max-video-preview:-1"},"canonical":"https:\/\/www.pb-franken.de\/wordpress\/leistungen\/","og_locale":"de_DE","og_type":"article","og_title":"Sozialdienstleistungen und Unterst\u00fctzung im Alltag","og_description":"Leistungen in der Eingliederungshilfe Unsere Klienten unterst\u00fctzen wir flexibel und individuell im Alltag. Gemeinsam erstellen wir sinnvolle Ma\u00dfnahmen zur Unterst\u00fctzung. Solche Unterst\u00fctzungen k\u00f6nnen sein: Beistand und Ansprechpartner bei Problemen und Krisen Hilfe bei Ihrer Freizeitgestaltung und gew\u00fcnschten Unternehmungen Begleitung bei Arztbesuchen Unterst\u00fctzung bei Terminen bei \u00c4mtern Hilfestellung im Haushalt: z.B.: Begleitung beim Einkauf, gemeinsames Kochen&#8230;. [&hellip;]","og_url":"https:\/\/www.pb-franken.de\/wordpress\/leistungen\/","og_site_name":"Mensch zu Mensch e.V.","article_modified_time":"2022-08-27T15:13:18+00:00","twitter_card":"summary_large_image","twitter_misc":{"Gesch\u00e4tzte Lesezeit":"2\u00a0Minuten"},"schema":{"@context":"https:\/\/schema.org","@graph":[{"@type":"WebPage","@id":"https:\/\/www.pb-franken.de\/wordpress\/leistungen\/","url":"https:\/\/www.pb-franken.de\/wordpress\/leistungen\/","name":"Sozialdienstleistungen und Unterst\u00fctzung im Alltag","isPartOf":{"@id":"https:\/\/www.pb-franken.de\/wordpress\/#website"},"datePublished":"2016-04-01T13:44:37+00:00","dateModified":"2022-08-27T15:13:18+00:00","breadcrumb":{"@id":"https:\/\/www.pb-franken.de\/wordpress\/leistungen\/#breadcrumb"},"inLanguage":"de","potentialAction":[{"@type":"ReadAction","target":["https:\/\/www.pb-franken.de\/wordpress\/leistungen\/"]}]},{"@type":"BreadcrumbList","@id":"https:\/\/www.pb-franken.de\/wordpress\/leistungen\/#breadcrumb","itemListElement":[{"@type":"ListItem","position":1,"name":"Startseite","item":"https:\/\/www.pb-franken.de\/wordpress\/"},{"@type":"ListItem","position":2,"name":"Assistenzdienste"}]},{"@type":"WebSite","@id":"https:\/\/www.pb-franken.de\/wordpress\/#website","url":"https:\/\/www.pb-franken.de\/wordpress\/","name":"Mensch zu Mensch e.V.","description":"Betreuungsdienstleistungen, Alltagshilfen und individuelle Beratung in Kitzingen, W\u00fcrzburg und Franken.","publisher":{"@id":"https:\/\/www.pb-franken.de\/wordpress\/#organization"},"potentialAction":[{"@type":"SearchAction","target":{"@type":"EntryPoint","urlTemplate":"https:\/\/www.pb-franken.de\/wordpress\/?s={search_term_string}"},"query-input":{"@type":"PropertyValueSpecification","valueRequired":true,"valueName":"search_term_string"}}],"inLanguage":"de"},{"@type":"Organization","@id":"https:\/\/www.pb-franken.de\/wordpress\/#organization","name":"Mensch zu Mensch e.V.","url":"https:\/\/www.pb-franken.de\/wordpress\/","logo":{"@type":"ImageObject","inLanguage":"de","@id":"https:\/\/www.pb-franken.de\/wordpress\/#\/schema\/logo\/image\/","url":"https:\/\/www.pb-franken.de\/wordpress\/wp-content\/uploads\/2019\/03\/LogoMenschzuMenschev_website.png","contentUrl":"https:\/\/www.pb-franken.de\/wordpress\/wp-content\/uploads\/2019\/03\/LogoMenschzuMenschev_website.png","width":417,"height":153,"caption":"Mensch zu Mensch e.V."},"image":{"@id":"https:\/\/www.pb-franken.de\/wordpress\/#\/schema\/logo\/image\/"}}]}},"_links":{"self":[{"href":"https:\/\/www.pb-franken.de\/wordpress\/wp-json\/wp\/v2\/pages\/78","targetHints":{"allow":["GET"]}}],"collection":[{"href":"https:\/\/www.pb-franken.de\/wordpress\/wp-json\/wp\/v2\/pages"}],"about":[{"href":"https:\/\/www.pb-franken.de\/wordpress\/wp-json\/wp\/v2\/types\/page"}],"author":[{"embeddable":true,"href":"https:\/\/www.pb-franken.de\/wordpress\/wp-json\/wp\/v2\/users\/1"}],"replies":[{"embeddable":true,"href":"https:\/\/www.pb-franken.de\/wordpress\/wp-json\/wp\/v2\/comments?post=78"}],"version-history":[{"count":16,"href":"https:\/\/www.pb-franken.de\/wordpress\/wp-json\/wp\/v2\/pages\/78\/revisions"}],"predecessor-version":[{"id":547,"href":"https:\/\/www.pb-franken.de\/wordpress\/wp-json\/wp\/v2\/pages\/78\/revisions\/547"}],"wp:attachment":[{"href":"https:\/\/www.pb-franken.de\/wordpress\/wp-json\/wp\/v2\/media?parent=78"}],"curies":[{"name":"wp","href":"https:\/\/api.w.org\/{rel}","templated":true}]}}